{"id":1321,"date":"2020-08-27T11:28:14","date_gmt":"2020-08-27T09:28:14","guid":{"rendered":"https:\/\/oiseau-avignon.com\/?page_id=1321"},"modified":"2020-08-27T11:28:21","modified_gmt":"2020-08-27T09:28:21","slug":"mentions-legales","status":"publish","type":"page","link":"https:\/\/oiseau-avignon.com\/index.php\/mentions-legales\/","title":{"rendered":"Mentions l\u00e9gales"},"content":{"rendered":"<p>[et_pb_section fb_built=\u00a0\u00bb1&Prime; _builder_version=\u00a0\u00bb4.3.2&Prime;][et_pb_row _builder_version=\u00a0\u00bb4.3.2&Prime;][et_pb_column type=\u00a0\u00bb4_4&Prime; _builder_version=\u00a0\u00bb4.3.2&Prime;][et_pb_text _builder_version=\u00a0\u00bb4.3.2&Prime;]<\/p>\n<div class=\"et_pb_row et_pb_row_0\">\n<div class=\"et_pb_column et_pb_column_4_4 et_pb_column_0  et_pb_css_mix_blend_mode_passthrough et-last-child\">\n<div class=\"et_pb_module et_pb_text et_pb_text_0  et_pb_text_align_left et_pb_bg_layout_light\">\n<div class=\"et_pb_text_inner\">\n<header class=\"entry-header\">\n<h1 class=\"entry-title\"><\/h1>\n<h1 class=\"entry-title\">Mentions l\u00e9gales<\/h1>\n<p>&nbsp;<\/p>\n<p>&nbsp;<\/p>\n<\/header>\n<div class=\"entry-content\">\n<div class=\"entry-content\">\n<h2>1 . Propri\u00e9t\u00e9<\/h2>\n<h3>Association\u00a0 Insercall<\/h3>\n<p><span class=\"LrzXr\">10 Rue L\u00e9on Honor\u00e9 Labande, 84000 Avignon.<\/span><\/p>\n<p><span class=\"LrzXr\">N\u00b0 de Siret : 478 137 268 31<br \/> code APE : 9499Z<br \/> <\/span><\/p>\n<p>Le pr\u00e9sent site est la propri\u00e9t\u00e9 exclusive d\u2019Insercall.<br \/> Toute reproduction, m\u00eame partielle, est interdite.<\/p>\n<h2>2 . R\u00e9alisation &amp; Graphisme<\/h2>\n<p>Photographie : Franck Chardigny et Thomas Mahsas\u00a0\u00a0\u00a0\u00a0\u00a0\u00a0\u00a0\u00a0\u00a0\u00a0\u00a0\u00a0\u00a0\u00a0\u00a0\u00a0\u00a0\u00a0\u00a0\u00a0\u00a0\u00a0\u00a0<\/p>\n<p>Webmaster : C\u00e9lestin Epou\u00e9 et Fabien Pinna <\/p>\n<h2>3 . H\u00e9bergement<\/h2>\n<p>L\u2019h\u00e9bergement du site est r\u00e9alis\u00e9 par OVH<br \/> SAS au capital de 10 059 500 \u20ac<br \/> RCS Lille M\u00e9tropole 424 761 419 00045<br \/> Code APE 6202A<br \/> N\u00b0 TVA : FR 22 424 761 419<br \/> Si\u00e8ge social : 2 rue Kellermann \u2013 59100 Roubaix \u2013 France.<\/p>\n<h2>4 . CMS et optimisation :<\/h2>\n<p>Ce site a \u00e9t\u00e9 con\u00e7u avec le CMS libre et open-source WordPress.<\/p>\n<p>Site optimis\u00e9 pour les navigateurs Internet Explorer 8 (et versions ult\u00e9rieures), Firefox 2.0 (et versions ult\u00e9rieures), Safari, Google Chrome et Op\u00e9ra.<\/p>\n<h2>5 . Droits, informatique et libert\u00e9s:<\/h2>\n<p>Ce site ainsi que tous les textes, photographies et graphismes qu\u2019il comporte est prot\u00e9g\u00e9 par la loi, notamment l\u2019article L 122-4 du Code de la propri\u00e9t\u00e9 intellectuelle.<\/p>\n<p>Conform\u00e9ment \u00e0 la Loi \u00ab Informatique et libert\u00e9s \u00bb n\u00b0 78-17 du 6 janvier 1978, vous disposez d\u2019un droit d\u2019acc\u00e8s, de rectification et de suppression des donn\u00e9es vous concernant. Vous pouvez l\u2019exercer en adressant un courrier \u00e0 l\u2019adresse suivante:<\/p>\n<p><strong>Association Insercall<\/strong><br \/> <span class=\"LrzXr\">10 Rue L\u00e9on Honor\u00e9 Labande, 84000 Avignon<\/span><\/p>\n<\/div>\n<\/div>\n<\/div>\n<\/div>\n<\/div>\n<\/div>\n<p>[\/et_pb_text][\/et_pb_column][\/et_pb_row][\/et_pb_section]<\/p>\n","protected":false},"excerpt":{"rendered":"<p>Mentions l\u00e9gales &nbsp; &nbsp; 1 . Propri\u00e9t\u00e9 Association\u00a0 Insercall 10 Rue L\u00e9on Honor\u00e9 Labande, 84000 Avignon. N\u00b0 de Siret : 478 137 268 31 code APE : 9499Z Le pr\u00e9sent site est la propri\u00e9t\u00e9 exclusive d\u2019Insercall. Toute reproduction, m\u00eame partielle, est interdite. 2 . R\u00e9alisation &amp; Graphisme Photographie : Franck Chardigny et Thomas Mahsas\u00a0\u00a0\u00a0\u00a0\u00a0\u00a0\u00a0\u00a0\u00a0\u00a0\u00a0\u00a0\u00a0\u00a0\u00a0\u00a0\u00a0\u00a0\u00a0\u00a0\u00a0\u00a0\u00a0 Webmaster [&hellip;]<\/p>\n","protected":false},"author":1,"featured_media":0,"parent":0,"menu_order":0,"comment_status":"closed","ping_status":"closed","template":"","meta":{"_et_pb_use_builder":"on","_et_pb_old_content":"","_et_gb_content_width":"","footnotes":""},"class_list":["post-1321","page","type-page","status-publish","hentry"],"_links":{"self":[{"href":"https:\/\/oiseau-avignon.com\/index.php\/wp-json\/wp\/v2\/pages\/1321","targetHints":{"allow":["GET"]}}],"collection":[{"href":"https:\/\/oiseau-avignon.com\/index.php\/wp-json\/wp\/v2\/pages"}],"about":[{"href":"https:\/\/oiseau-avignon.com\/index.php\/wp-json\/wp\/v2\/types\/page"}],"author":[{"embeddable":true,"href":"https:\/\/oiseau-avignon.com\/index.php\/wp-json\/wp\/v2\/users\/1"}],"replies":[{"embeddable":true,"href":"https:\/\/oiseau-avignon.com\/index.php\/wp-json\/wp\/v2\/comments?post=1321"}],"version-history":[{"count":4,"href":"https:\/\/oiseau-avignon.com\/index.php\/wp-json\/wp\/v2\/pages\/1321\/revisions"}],"predecessor-version":[{"id":1338,"href":"https:\/\/oiseau-avignon.com\/index.php\/wp-json\/wp\/v2\/pages\/1321\/revisions\/1338"}],"wp:attachment":[{"href":"https:\/\/oiseau-avignon.com\/index.php\/wp-json\/wp\/v2\/media?parent=1321"}],"curies":[{"name":"wp","href":"https:\/\/api.w.org\/{rel}","templated":true}]}}